{"id":1735,"date":"2023-11-02T19:17:09","date_gmt":"2023-11-02T18:17:09","guid":{"rendered":"https:\/\/agence-caom.fr\/?page_id=1735"},"modified":"2024-05-23T11:05:58","modified_gmt":"2024-05-23T09:05:58","slug":"politique-de-confidentialite","status":"publish","type":"page","link":"https:\/\/agence-caom.fr\/index.php\/politique-de-confidentialite\/","title":{"rendered":"Politique de confidentialit\u00e9"},"content":{"rendered":"\t\t<div data-elementor-type=\"wp-page\" data-elementor-id=\"1735\" class=\"elementor elementor-1735\" data-elementor-post-type=\"page\">\n\t\t\t\t\t\t<section class=\"elementor-section elementor-top-section elementor-element elementor-element-e4a3ab5 elementor-section-boxed elementor-section-height-default elementor-section-height-default\" data-id=\"e4a3ab5\" data-element_type=\"section\" data-e-type=\"section\">\n\t\t\t\t\t\t<div class=\"elementor-container elementor-column-gap-default\">\n\t\t\t\t\t<div class=\"elementor-column elementor-col-100 elementor-top-column elementor-element elementor-element-51d53fa\" data-id=\"51d53fa\" data-element_type=\"column\" data-e-type=\"column\">\n\t\t\t<div class=\"elementor-widget-wrap elementor-element-populated\">\n\t\t\t\t\t\t<div class=\"elementor-element elementor-element-fd4dc13 elementor-widget elementor-widget-spacer\" data-id=\"fd4dc13\" data-element_type=\"widget\" data-e-type=\"widget\" data-widget_type=\"spacer.default\">\n\t\t\t\t<div class=\"elementor-widget-container\">\n\t\t\t\t\t\t\t<div class=\"elementor-spacer\">\n\t\t\t<div class=\"elementor-spacer-inner\"><\/div>\n\t\t<\/div>\n\t\t\t\t\t\t<\/div>\n\t\t\t\t<\/div>\n\t\t\t\t\t<\/div>\n\t\t<\/div>\n\t\t\t\t\t<\/div>\n\t\t<\/section>\n\t\t\t\t<section class=\"elementor-section elementor-top-section elementor-element elementor-element-aedff69 elementor-section-boxed elementor-section-height-default elementor-section-height-default\" data-id=\"aedff69\" data-element_type=\"section\" data-e-type=\"section\">\n\t\t\t\t\t\t<div class=\"elementor-container elementor-column-gap-default\">\n\t\t\t\t\t<div class=\"elementor-column elementor-col-100 elementor-top-column elementor-element elementor-element-be93d62\" data-id=\"be93d62\" data-element_type=\"column\" data-e-type=\"column\">\n\t\t\t<div class=\"elementor-widget-wrap elementor-element-populated\">\n\t\t\t\t\t\t<div class=\"elementor-element elementor-element-9e6cb64 elementor-widget elementor-widget-heading\" data-id=\"9e6cb64\" data-element_type=\"widget\" data-e-type=\"widget\" data-widget_type=\"heading.default\">\n\t\t\t\t<div class=\"elementor-widget-container\">\n\t\t\t\t\t<h1 class=\"elementor-heading-title elementor-size-default\">Politique de confidentialit\u00e9 <\/h1>\t\t\t\t<\/div>\n\t\t\t\t<\/div>\n\t\t\t\t\t<\/div>\n\t\t<\/div>\n\t\t\t\t\t<\/div>\n\t\t<\/section>\n\t\t\t\t<section class=\"elementor-section elementor-top-section elementor-element elementor-element-b2b023e elementor-section-boxed elementor-section-height-default elementor-section-height-default\" data-id=\"b2b023e\" data-element_type=\"section\" data-e-type=\"section\">\n\t\t\t\t\t\t<div class=\"elementor-container elementor-column-gap-default\">\n\t\t\t\t\t<div class=\"elementor-column elementor-col-100 elementor-top-column elementor-element elementor-element-06d5a95\" data-id=\"06d5a95\" data-element_type=\"column\" data-e-type=\"column\">\n\t\t\t<div class=\"elementor-widget-wrap elementor-element-populated\">\n\t\t\t\t\t\t<div class=\"elementor-element elementor-element-3003f0a elementor-widget elementor-widget-text-editor\" data-id=\"3003f0a\" data-element_type=\"widget\" data-e-type=\"widget\" data-widget_type=\"text-editor.default\">\n\t\t\t\t<div class=\"elementor-widget-container\">\n\t\t\t\t\t\t\t\t\t<p>La protection de vos donn\u00e9es personnelles est une priorit\u00e9 pour notre entreprise <strong>Caom &#8211; Agence de communication<\/strong>.<\/p><p>Cette politique de confidentialit\u00e9 explique comment nous collectons, utilisons, partageons et prot\u00e9geons vos donn\u00e9es personnelles lorsque vous visitez notre site internet ou interagissez avec nos services en ligne.<\/p>\t\t\t\t\t\t\t\t<\/div>\n\t\t\t\t<\/div>\n\t\t\t\t<div class=\"elementor-element elementor-element-e38166f elementor-widget elementor-widget-heading\" data-id=\"e38166f\" data-element_type=\"widget\" data-e-type=\"widget\" data-widget_type=\"heading.default\">\n\t\t\t\t<div class=\"elementor-widget-container\">\n\t\t\t\t\t<h2 class=\"elementor-heading-title elementor-size-default\">Donn\u00e9es personnelles que nous collectons :<\/h2>\t\t\t\t<\/div>\n\t\t\t\t<\/div>\n\t\t\t\t<div class=\"elementor-element elementor-element-964cb3b elementor-widget elementor-widget-text-editor\" data-id=\"964cb3b\" data-element_type=\"widget\" data-e-type=\"widget\" data-widget_type=\"text-editor.default\">\n\t\t\t\t<div class=\"elementor-widget-container\">\n\t\t\t\t\t\t\t\t\t<p>Les types de donn\u00e9es personnelles que nous pouvons collecter comprennent, sans s&rsquo;y limiter, les informations suivantes :<\/p><ul><li>Nom et pr\u00e9nom<\/li><li>Adresse e-mail<\/li><li>Num\u00e9ro de t\u00e9l\u00e9phone<\/li><li>Adresse postale<\/li><li>Informations de connexion (comme l&rsquo;adresse IP, les journaux du serveur, etc.)<\/li><li>Informations sur l&rsquo;utilisation de notre site internet<\/li><li>Toute autre information que vous choisissez de nous fournir<\/li><\/ul>\t\t\t\t\t\t\t\t<\/div>\n\t\t\t\t<\/div>\n\t\t\t\t<div class=\"elementor-element elementor-element-dfbf491 elementor-widget elementor-widget-heading\" data-id=\"dfbf491\" data-element_type=\"widget\" data-e-type=\"widget\" data-widget_type=\"heading.default\">\n\t\t\t\t<div class=\"elementor-widget-container\">\n\t\t\t\t\t<h2 class=\"elementor-heading-title elementor-size-default\">Finalit\u00e9s de la collecte de donn\u00e9es :<\/h2>\t\t\t\t<\/div>\n\t\t\t\t<\/div>\n\t\t\t\t<div class=\"elementor-element elementor-element-da2fb7e elementor-widget elementor-widget-text-editor\" data-id=\"da2fb7e\" data-element_type=\"widget\" data-e-type=\"widget\" data-widget_type=\"text-editor.default\">\n\t\t\t\t<div class=\"elementor-widget-container\">\n\t\t\t\t\t\t\t\t\t<p>Nous collectons vos donn\u00e9es personnelles pour les finalit\u00e9s suivantes :<\/p><ul><li>Fournir nos produits et services<\/li><li>G\u00e9rer votre compte utilisateur<\/li><li>R\u00e9pondre \u00e0 vos demandes de renseignements (via notre <a href=\"https:\/\/agence-caom.fr\/index.php\/contact-caom-agence-de-communication\/\">formulaire de contact<\/a>)<\/li><li>Personnaliser votre exp\u00e9rience sur notre site<\/li><li>Analyser l&rsquo;utilisation de notre site internet pour l&rsquo;am\u00e9liorer<\/li><li>Vous envoyer des informations marketing, des offres sp\u00e9ciales et des mises \u00e0 jour (marketing &amp; communication)<\/li><\/ul>\t\t\t\t\t\t\t\t<\/div>\n\t\t\t\t<\/div>\n\t\t\t\t<div class=\"elementor-element elementor-element-47fca36 elementor-widget elementor-widget-heading\" data-id=\"47fca36\" data-element_type=\"widget\" data-e-type=\"widget\" data-widget_type=\"heading.default\">\n\t\t\t\t<div class=\"elementor-widget-container\">\n\t\t\t\t\t<h2 class=\"elementor-heading-title elementor-size-default\">Partage des donn\u00e9es personnelles :<\/h2>\t\t\t\t<\/div>\n\t\t\t\t<\/div>\n\t\t\t\t<div class=\"elementor-element elementor-element-4225643 elementor-widget elementor-widget-text-editor\" data-id=\"4225643\" data-element_type=\"widget\" data-e-type=\"widget\" data-widget_type=\"text-editor.default\">\n\t\t\t\t<div class=\"elementor-widget-container\">\n\t\t\t\t\t\t\t\t\t<p>Nous ne vendons, n&rsquo;\u00e9changeons ni ne louons vos donn\u00e9es personnelles \u00e0 des tiers. Cependant, nous pouvons partager vos donn\u00e9es personnelles avec des prestataires de services tiers qui nous aident \u00e0 exploiter notre site internet et \u00e0 fournir nos services.<\/p>\t\t\t\t\t\t\t\t<\/div>\n\t\t\t\t<\/div>\n\t\t\t\t<div class=\"elementor-element elementor-element-65c6813 elementor-widget elementor-widget-heading\" data-id=\"65c6813\" data-element_type=\"widget\" data-e-type=\"widget\" data-widget_type=\"heading.default\">\n\t\t\t\t<div class=\"elementor-widget-container\">\n\t\t\t\t\t<h2 class=\"elementor-heading-title elementor-size-default\">S\u00e9curit\u00e9 des donn\u00e9es :<\/h2>\t\t\t\t<\/div>\n\t\t\t\t<\/div>\n\t\t\t\t<div class=\"elementor-element elementor-element-cb7fe10 elementor-widget elementor-widget-text-editor\" data-id=\"cb7fe10\" data-element_type=\"widget\" data-e-type=\"widget\" data-widget_type=\"text-editor.default\">\n\t\t\t\t<div class=\"elementor-widget-container\">\n\t\t\t\t\t\t\t\t\t<p>Nous mettons en place des mesures de s\u00e9curit\u00e9 pour prot\u00e9ger vos donn\u00e9es personnelles contre tout acc\u00e8s non autoris\u00e9, utilisation, divulgation ou alt\u00e9ration. Cependant, il est important de noter qu&rsquo;aucune m\u00e9thode de transmission sur Internet ou de stockage \u00e9lectronique n&rsquo;est totalement s\u00e9curis\u00e9e.<\/p>\t\t\t\t\t\t\t\t<\/div>\n\t\t\t\t<\/div>\n\t\t\t\t<div class=\"elementor-element elementor-element-36d0707 elementor-widget elementor-widget-heading\" data-id=\"36d0707\" data-element_type=\"widget\" data-e-type=\"widget\" data-widget_type=\"heading.default\">\n\t\t\t\t<div class=\"elementor-widget-container\">\n\t\t\t\t\t<h2 class=\"elementor-heading-title elementor-size-default\">Cookies et technologies similaires :<\/h2>\t\t\t\t<\/div>\n\t\t\t\t<\/div>\n\t\t\t\t<div class=\"elementor-element elementor-element-dde1784 elementor-widget elementor-widget-text-editor\" data-id=\"dde1784\" data-element_type=\"widget\" data-e-type=\"widget\" data-widget_type=\"text-editor.default\">\n\t\t\t\t<div class=\"elementor-widget-container\">\n\t\t\t\t\t\t\t\t\t<p>Notre site internet peut utiliser des cookies et d&rsquo;autres technologies similaires pour am\u00e9liorer votre exp\u00e9rience de navigation. Vous pouvez configurer votre navigateur pour refuser les cookies ou \u00eatre averti lorsque des cookies sont utilis\u00e9s.<\/p>\t\t\t\t\t\t\t\t<\/div>\n\t\t\t\t<\/div>\n\t\t\t\t<div class=\"elementor-element elementor-element-0acb5ca elementor-widget elementor-widget-heading\" data-id=\"0acb5ca\" data-element_type=\"widget\" data-e-type=\"widget\" data-widget_type=\"heading.default\">\n\t\t\t\t<div class=\"elementor-widget-container\">\n\t\t\t\t\t<h2 class=\"elementor-heading-title elementor-size-default\">Vos droits :<\/h2>\t\t\t\t<\/div>\n\t\t\t\t<\/div>\n\t\t\t\t<div class=\"elementor-element elementor-element-829fcd6 elementor-widget elementor-widget-text-editor\" data-id=\"829fcd6\" data-element_type=\"widget\" data-e-type=\"widget\" data-widget_type=\"text-editor.default\">\n\t\t\t\t<div class=\"elementor-widget-container\">\n\t\t\t\t\t\t\t\t\t<p>Vous avez le droit d&rsquo;acc\u00e9der \u00e0 vos donn\u00e9es personnelles, de les corriger, de les supprimer ou de vous opposer \u00e0 leur traitement. Pour exercer ces droits, veuillez nous contacter \u00e0 l&rsquo;adresse <a href=\"mailto:camille@agence-caom.fr\">camille@agence-caom.fr<\/a><\/p>\t\t\t\t\t\t\t\t<\/div>\n\t\t\t\t<\/div>\n\t\t\t\t<div class=\"elementor-element elementor-element-a3ba1be elementor-widget elementor-widget-heading\" data-id=\"a3ba1be\" data-element_type=\"widget\" data-e-type=\"widget\" data-widget_type=\"heading.default\">\n\t\t\t\t<div class=\"elementor-widget-container\">\n\t\t\t\t\t<h2 class=\"elementor-heading-title elementor-size-default\">Modifications de la politique de confidentialit\u00e9 :<\/h2>\t\t\t\t<\/div>\n\t\t\t\t<\/div>\n\t\t\t\t<div class=\"elementor-element elementor-element-96b58c2 elementor-widget elementor-widget-text-editor\" data-id=\"96b58c2\" data-element_type=\"widget\" data-e-type=\"widget\" data-widget_type=\"text-editor.default\">\n\t\t\t\t<div class=\"elementor-widget-container\">\n\t\t\t\t\t\t\t\t\t<p>Nous nous r\u00e9servons le droit de modifier cette politique de confidentialit\u00e9 \u00e0 tout moment. Toute modification sera publi\u00e9e sur cette page et la date de r\u00e9vision sera mise \u00e0 jour.<\/p>\t\t\t\t\t\t\t\t<\/div>\n\t\t\t\t<\/div>\n\t\t\t\t<div class=\"elementor-element elementor-element-8142ef6 elementor-widget elementor-widget-text-editor\" data-id=\"8142ef6\" data-element_type=\"widget\" data-e-type=\"widget\" data-widget_type=\"text-editor.default\">\n\t\t\t\t<div class=\"elementor-widget-container\">\n\t\t\t\t\t\t\t\t\t<p><em>Le 02.11.2023<\/em><\/p>\t\t\t\t\t\t\t\t<\/div>\n\t\t\t\t<\/div>\n\t\t\t\t\t<\/div>\n\t\t<\/div>\n\t\t\t\t\t<\/div>\n\t\t<\/section>\n\t\t\t\t<section class=\"elementor-section elementor-top-section elementor-element elementor-element-89f599f elementor-section-boxed elementor-section-height-default elementor-section-height-default\" data-id=\"89f599f\" data-element_type=\"section\" data-e-type=\"section\">\n\t\t\t\t\t\t<div class=\"elementor-container elementor-column-gap-default\">\n\t\t\t\t\t<div class=\"elementor-column elementor-col-100 elementor-top-column elementor-element elementor-element-fa0dbf0\" data-id=\"fa0dbf0\" data-element_type=\"column\" data-e-type=\"column\">\n\t\t\t<div class=\"elementor-widget-wrap elementor-element-populated\">\n\t\t\t\t\t\t<div class=\"elementor-element elementor-element-7ddce6f elementor-widget elementor-widget-heading\" data-id=\"7ddce6f\" data-element_type=\"widget\" data-e-type=\"widget\" data-widget_type=\"heading.default\">\n\t\t\t\t<div class=\"elementor-widget-container\">\n\t\t\t\t\t<h2 class=\"elementor-heading-title elementor-size-default\">Politique de confidentialit\u00e9 <\/h2>\t\t\t\t<\/div>\n\t\t\t\t<\/div>\n\t\t\t\t<div class=\"elementor-element elementor-element-5bd3a02 elementor-widget elementor-widget-heading\" data-id=\"5bd3a02\" data-element_type=\"widget\" data-e-type=\"widget\" data-widget_type=\"heading.default\">\n\t\t\t\t<div class=\"elementor-widget-container\">\n\t\t\t\t\t<h3 class=\"elementor-heading-title elementor-size-default\">Politique de confidentialit\u00e9 <\/h3>\t\t\t\t<\/div>\n\t\t\t\t<\/div>\n\t\t\t\t<div class=\"elementor-element elementor-element-75e60b1 elementor-widget elementor-widget-text-editor\" data-id=\"75e60b1\" data-element_type=\"widget\" data-e-type=\"widget\" data-widget_type=\"text-editor.default\">\n\t\t\t\t<div class=\"elementor-widget-container\">\n\t\t\t\t\t\t\t\t\t<p>D\u00e9couvrez notre politique de confidentialit\u00e9\u00a0<\/p>\t\t\t\t\t\t\t\t<\/div>\n\t\t\t\t<\/div>\n\t\t\t\t\t<\/div>\n\t\t<\/div>\n\t\t\t\t\t<\/div>\n\t\t<\/section>\n\t\t\t\t<\/div>\n\t\t","protected":false},"excerpt":{"rendered":"<p>Politique de confidentialit\u00e9 La protection de vos donn\u00e9es personnelles est une priorit\u00e9 pour notre entreprise Caom &#8211; Agence de communication. Cette politique de confidentialit\u00e9 explique comment nous collectons, utilisons, partageons et prot\u00e9geons vos donn\u00e9es personnelles lorsque vous visitez notre site internet ou interagissez avec nos services en ligne. Donn\u00e9es personnelles que nous collectons : Les [&hellip;]<\/p>\n","protected":false},"author":1,"featured_media":27,"parent":0,"menu_order":0,"comment_status":"closed","ping_status":"closed","template":"","meta":{"footnotes":""},"class_list":["post-1735","page","type-page","status-publish","has-post-thumbnail","hentry"],"blocksy_meta":[],"yoast_head":"<!-- This site is optimized with the Yoast SEO plugin v27.5 - https:\/\/yoast.com\/product\/yoast-seo-wordpress\/ -->\n<title>Politique de confidentialit\u00e9 | Caom - Agence de communication<\/title>\n<meta name=\"description\" content=\"Politique de confidentialit\u00e9 : la protection de vos donn\u00e9es personnelles est une priorit\u00e9 pour l&#039;entreprise Caom, d\u00e9couvrez l\u00e0 d\u00e8s \u00e0 pr\u00e9sent !\" \/>\n<meta name=\"robots\" content=\"index, follow, max-snippet:-1, max-image-preview:large, max-video-preview:-1\" \/>\n<link rel=\"canonical\" href=\"https:\/\/agence-caom.fr\/index.php\/politique-de-confidentialite\/\" \/>\n<meta property=\"og:locale\" content=\"fr_FR\" \/>\n<meta property=\"og:type\" content=\"article\" \/>\n<meta property=\"og:title\" content=\"Politique de confidentialit\u00e9 | Caom - Agence de communication\" \/>\n<meta property=\"og:description\" content=\"Politique de confidentialit\u00e9 : la protection de vos donn\u00e9es personnelles est une priorit\u00e9 pour l&#039;entreprise Caom, d\u00e9couvrez l\u00e0 d\u00e8s \u00e0 pr\u00e9sent !\" \/>\n<meta property=\"og:url\" content=\"https:\/\/agence-caom.fr\/index.php\/politique-de-confidentialite\/\" \/>\n<meta property=\"og:site_name\" content=\"Caom - Agence de communication\" \/>\n<meta property=\"article:publisher\" content=\"https:\/\/www.facebook.com\/profile.php?id=61550912141809&amp;locale=fr_FR\" \/>\n<meta property=\"article:modified_time\" content=\"2024-05-23T09:05:58+00:00\" \/>\n<meta property=\"og:image\" content=\"http:\/\/agence-caom.fr\/wp-content\/uploads\/2023\/09\/Petit-logo-caom-vert.png\" \/>\n\t<meta property=\"og:image:width\" content=\"846\" \/>\n\t<meta property=\"og:image:height\" content=\"845\" \/>\n\t<meta property=\"og:image:type\" content=\"image\/png\" \/>\n<meta name=\"twitter:card\" content=\"summary_large_image\" \/>\n<meta name=\"twitter:label1\" content=\"Dur\u00e9e de lecture estim\u00e9e\" \/>\n\t<meta name=\"twitter:data1\" content=\"3 minutes\" \/>\n<script type=\"application\/ld+json\" class=\"yoast-schema-graph\">{\"@context\":\"https:\\\/\\\/schema.org\",\"@graph\":[{\"@type\":\"WebPage\",\"@id\":\"https:\\\/\\\/agence-caom.fr\\\/index.php\\\/politique-de-confidentialite\\\/\",\"url\":\"https:\\\/\\\/agence-caom.fr\\\/index.php\\\/politique-de-confidentialite\\\/\",\"name\":\"Politique de confidentialit\u00e9 | Caom - Agence de communication\",\"isPartOf\":{\"@id\":\"https:\\\/\\\/agence-caom.fr\\\/#website\"},\"primaryImageOfPage\":{\"@id\":\"https:\\\/\\\/agence-caom.fr\\\/index.php\\\/politique-de-confidentialite\\\/#primaryimage\"},\"image\":{\"@id\":\"https:\\\/\\\/agence-caom.fr\\\/index.php\\\/politique-de-confidentialite\\\/#primaryimage\"},\"thumbnailUrl\":\"https:\\\/\\\/agence-caom.fr\\\/wp-content\\\/uploads\\\/2023\\\/09\\\/Petit-logo-caom-vert.png\",\"datePublished\":\"2023-11-02T18:17:09+00:00\",\"dateModified\":\"2024-05-23T09:05:58+00:00\",\"description\":\"Politique de confidentialit\u00e9 : la protection de vos donn\u00e9es personnelles est une priorit\u00e9 pour l'entreprise Caom, d\u00e9couvrez l\u00e0 d\u00e8s \u00e0 pr\u00e9sent !\",\"breadcrumb\":{\"@id\":\"https:\\\/\\\/agence-caom.fr\\\/index.php\\\/politique-de-confidentialite\\\/#breadcrumb\"},\"inLanguage\":\"fr-FR\",\"potentialAction\":[{\"@type\":\"ReadAction\",\"target\":[\"https:\\\/\\\/agence-caom.fr\\\/index.php\\\/politique-de-confidentialite\\\/\"]}]},{\"@type\":\"ImageObject\",\"inLanguage\":\"fr-FR\",\"@id\":\"https:\\\/\\\/agence-caom.fr\\\/index.php\\\/politique-de-confidentialite\\\/#primaryimage\",\"url\":\"https:\\\/\\\/agence-caom.fr\\\/wp-content\\\/uploads\\\/2023\\\/09\\\/Petit-logo-caom-vert.png\",\"contentUrl\":\"https:\\\/\\\/agence-caom.fr\\\/wp-content\\\/uploads\\\/2023\\\/09\\\/Petit-logo-caom-vert.png\",\"width\":846,\"height\":845,\"caption\":\"Logo caom - agence de communication \u00e0 360\u00b0, Savenay et ses alentours\"},{\"@type\":\"BreadcrumbList\",\"@id\":\"https:\\\/\\\/agence-caom.fr\\\/index.php\\\/politique-de-confidentialite\\\/#breadcrumb\",\"itemListElement\":[{\"@type\":\"ListItem\",\"position\":1,\"name\":\"Accueil\",\"item\":\"https:\\\/\\\/agence-caom.fr\\\/\"},{\"@type\":\"ListItem\",\"position\":2,\"name\":\"Politique de confidentialit\u00e9\"}]},{\"@type\":\"WebSite\",\"@id\":\"https:\\\/\\\/agence-caom.fr\\\/#website\",\"url\":\"https:\\\/\\\/agence-caom.fr\\\/\",\"name\":\"Caom\",\"description\":\"Agence de communication\",\"publisher\":{\"@id\":\"https:\\\/\\\/agence-caom.fr\\\/#organization\"},\"alternateName\":\"Caom - Agence de communication\",\"potentialAction\":[{\"@type\":\"SearchAction\",\"target\":{\"@type\":\"EntryPoint\",\"urlTemplate\":\"https:\\\/\\\/agence-caom.fr\\\/?s={search_term_string}\"},\"query-input\":{\"@type\":\"PropertyValueSpecification\",\"valueRequired\":true,\"valueName\":\"search_term_string\"}}],\"inLanguage\":\"fr-FR\"},{\"@type\":\"Organization\",\"@id\":\"https:\\\/\\\/agence-caom.fr\\\/#organization\",\"name\":\"Caom\",\"url\":\"https:\\\/\\\/agence-caom.fr\\\/\",\"logo\":{\"@type\":\"ImageObject\",\"inLanguage\":\"fr-FR\",\"@id\":\"https:\\\/\\\/agence-caom.fr\\\/#\\\/schema\\\/logo\\\/image\\\/\",\"url\":\"https:\\\/\\\/agence-caom.fr\\\/wp-content\\\/uploads\\\/2023\\\/09\\\/cropped-caom-logo_Plan-de-travail-1-08.png\",\"contentUrl\":\"https:\\\/\\\/agence-caom.fr\\\/wp-content\\\/uploads\\\/2023\\\/09\\\/cropped-caom-logo_Plan-de-travail-1-08.png\",\"width\":1317,\"height\":559,\"caption\":\"Caom\"},\"image\":{\"@id\":\"https:\\\/\\\/agence-caom.fr\\\/#\\\/schema\\\/logo\\\/image\\\/\"},\"sameAs\":[\"https:\\\/\\\/www.facebook.com\\\/profile.php?id=61550912141809&locale=fr_FR\",\"https:\\\/\\\/www.instagram.com\\\/agence_caom\\\/\",\"https:\\\/\\\/www.linkedin.com\\\/company\\\/caom-agence-de-communication\\\/about\\\/?viewAsMember=true\"]}]}<\/script>\n<!-- \/ Yoast SEO plugin. -->","yoast_head_json":{"title":"Politique de confidentialit\u00e9 | Caom - Agence de communication","description":"Politique de confidentialit\u00e9 : la protection de vos donn\u00e9es personnelles est une priorit\u00e9 pour l'entreprise Caom, d\u00e9couvrez l\u00e0 d\u00e8s \u00e0 pr\u00e9sent !","robots":{"index":"index","follow":"follow","max-snippet":"max-snippet:-1","max-image-preview":"max-image-preview:large","max-video-preview":"max-video-preview:-1"},"canonical":"https:\/\/agence-caom.fr\/index.php\/politique-de-confidentialite\/","og_locale":"fr_FR","og_type":"article","og_title":"Politique de confidentialit\u00e9 | Caom - Agence de communication","og_description":"Politique de confidentialit\u00e9 : la protection de vos donn\u00e9es personnelles est une priorit\u00e9 pour l'entreprise Caom, d\u00e9couvrez l\u00e0 d\u00e8s \u00e0 pr\u00e9sent !","og_url":"https:\/\/agence-caom.fr\/index.php\/politique-de-confidentialite\/","og_site_name":"Caom - Agence de communication","article_publisher":"https:\/\/www.facebook.com\/profile.php?id=61550912141809&locale=fr_FR","article_modified_time":"2024-05-23T09:05:58+00:00","og_image":[{"width":846,"height":845,"url":"http:\/\/agence-caom.fr\/wp-content\/uploads\/2023\/09\/Petit-logo-caom-vert.png","type":"image\/png"}],"twitter_card":"summary_large_image","twitter_misc":{"Dur\u00e9e de lecture estim\u00e9e":"3 minutes"},"schema":{"@context":"https:\/\/schema.org","@graph":[{"@type":"WebPage","@id":"https:\/\/agence-caom.fr\/index.php\/politique-de-confidentialite\/","url":"https:\/\/agence-caom.fr\/index.php\/politique-de-confidentialite\/","name":"Politique de confidentialit\u00e9 | Caom - Agence de communication","isPartOf":{"@id":"https:\/\/agence-caom.fr\/#website"},"primaryImageOfPage":{"@id":"https:\/\/agence-caom.fr\/index.php\/politique-de-confidentialite\/#primaryimage"},"image":{"@id":"https:\/\/agence-caom.fr\/index.php\/politique-de-confidentialite\/#primaryimage"},"thumbnailUrl":"https:\/\/agence-caom.fr\/wp-content\/uploads\/2023\/09\/Petit-logo-caom-vert.png","datePublished":"2023-11-02T18:17:09+00:00","dateModified":"2024-05-23T09:05:58+00:00","description":"Politique de confidentialit\u00e9 : la protection de vos donn\u00e9es personnelles est une priorit\u00e9 pour l'entreprise Caom, d\u00e9couvrez l\u00e0 d\u00e8s \u00e0 pr\u00e9sent !","breadcrumb":{"@id":"https:\/\/agence-caom.fr\/index.php\/politique-de-confidentialite\/#breadcrumb"},"inLanguage":"fr-FR","potentialAction":[{"@type":"ReadAction","target":["https:\/\/agence-caom.fr\/index.php\/politique-de-confidentialite\/"]}]},{"@type":"ImageObject","inLanguage":"fr-FR","@id":"https:\/\/agence-caom.fr\/index.php\/politique-de-confidentialite\/#primaryimage","url":"https:\/\/agence-caom.fr\/wp-content\/uploads\/2023\/09\/Petit-logo-caom-vert.png","contentUrl":"https:\/\/agence-caom.fr\/wp-content\/uploads\/2023\/09\/Petit-logo-caom-vert.png","width":846,"height":845,"caption":"Logo caom - agence de communication \u00e0 360\u00b0, Savenay et ses alentours"},{"@type":"BreadcrumbList","@id":"https:\/\/agence-caom.fr\/index.php\/politique-de-confidentialite\/#breadcrumb","itemListElement":[{"@type":"ListItem","position":1,"name":"Accueil","item":"https:\/\/agence-caom.fr\/"},{"@type":"ListItem","position":2,"name":"Politique de confidentialit\u00e9"}]},{"@type":"WebSite","@id":"https:\/\/agence-caom.fr\/#website","url":"https:\/\/agence-caom.fr\/","name":"Caom","description":"Agence de communication","publisher":{"@id":"https:\/\/agence-caom.fr\/#organization"},"alternateName":"Caom - Agence de communication","potentialAction":[{"@type":"SearchAction","target":{"@type":"EntryPoint","urlTemplate":"https:\/\/agence-caom.fr\/?s={search_term_string}"},"query-input":{"@type":"PropertyValueSpecification","valueRequired":true,"valueName":"search_term_string"}}],"inLanguage":"fr-FR"},{"@type":"Organization","@id":"https:\/\/agence-caom.fr\/#organization","name":"Caom","url":"https:\/\/agence-caom.fr\/","logo":{"@type":"ImageObject","inLanguage":"fr-FR","@id":"https:\/\/agence-caom.fr\/#\/schema\/logo\/image\/","url":"https:\/\/agence-caom.fr\/wp-content\/uploads\/2023\/09\/cropped-caom-logo_Plan-de-travail-1-08.png","contentUrl":"https:\/\/agence-caom.fr\/wp-content\/uploads\/2023\/09\/cropped-caom-logo_Plan-de-travail-1-08.png","width":1317,"height":559,"caption":"Caom"},"image":{"@id":"https:\/\/agence-caom.fr\/#\/schema\/logo\/image\/"},"sameAs":["https:\/\/www.facebook.com\/profile.php?id=61550912141809&locale=fr_FR","https:\/\/www.instagram.com\/agence_caom\/","https:\/\/www.linkedin.com\/company\/caom-agence-de-communication\/about\/?viewAsMember=true"]}]}},"_links":{"self":[{"href":"https:\/\/agence-caom.fr\/index.php\/wp-json\/wp\/v2\/pages\/1735","targetHints":{"allow":["GET"]}}],"collection":[{"href":"https:\/\/agence-caom.fr\/index.php\/wp-json\/wp\/v2\/pages"}],"about":[{"href":"https:\/\/agence-caom.fr\/index.php\/wp-json\/wp\/v2\/types\/page"}],"author":[{"embeddable":true,"href":"https:\/\/agence-caom.fr\/index.php\/wp-json\/wp\/v2\/users\/1"}],"replies":[{"embeddable":true,"href":"https:\/\/agence-caom.fr\/index.php\/wp-json\/wp\/v2\/comments?post=1735"}],"version-history":[{"count":25,"href":"https:\/\/agence-caom.fr\/index.php\/wp-json\/wp\/v2\/pages\/1735\/revisions"}],"predecessor-version":[{"id":2472,"href":"https:\/\/agence-caom.fr\/index.php\/wp-json\/wp\/v2\/pages\/1735\/revisions\/2472"}],"wp:featuredmedia":[{"embeddable":true,"href":"https:\/\/agence-caom.fr\/index.php\/wp-json\/wp\/v2\/media\/27"}],"wp:attachment":[{"href":"https:\/\/agence-caom.fr\/index.php\/wp-json\/wp\/v2\/media?parent=1735"}],"curies":[{"name":"wp","href":"https:\/\/api.w.org\/{rel}","templated":true}]}}