{"id":1703,"date":"2023-11-02T18:46:13","date_gmt":"2023-11-02T17:46:13","guid":{"rendered":"https:\/\/agence-caom.fr\/?page_id=1703"},"modified":"2024-10-28T11:02:27","modified_gmt":"2024-10-28T10:02:27","slug":"caom-agence-de-communication-mentions-legales","status":"publish","type":"page","link":"https:\/\/agence-caom.fr\/index.php\/caom-agence-de-communication-mentions-legales\/","title":{"rendered":"Mentions l\u00e9gales"},"content":{"rendered":"\t\t<div data-elementor-type=\"wp-page\" data-elementor-id=\"1703\" class=\"elementor elementor-1703\" data-elementor-post-type=\"page\">\n\t\t\t\t\t\t<section class=\"elementor-section elementor-top-section elementor-element elementor-element-122b1b3 elementor-section-boxed elementor-section-height-default elementor-section-height-default\" data-id=\"122b1b3\" data-element_type=\"section\" data-e-type=\"section\">\n\t\t\t\t\t\t<div class=\"elementor-container elementor-column-gap-default\">\n\t\t\t\t\t<div class=\"elementor-column elementor-col-100 elementor-top-column elementor-element elementor-element-b6efe61\" data-id=\"b6efe61\" data-element_type=\"column\" data-e-type=\"column\">\n\t\t\t<div class=\"elementor-widget-wrap elementor-element-populated\">\n\t\t\t\t\t\t<div class=\"elementor-element elementor-element-62b5e62 elementor-widget elementor-widget-spacer\" data-id=\"62b5e62\" data-element_type=\"widget\" data-e-type=\"widget\" data-widget_type=\"spacer.default\">\n\t\t\t\t<div class=\"elementor-widget-container\">\n\t\t\t\t\t\t\t<div class=\"elementor-spacer\">\n\t\t\t<div class=\"elementor-spacer-inner\"><\/div>\n\t\t<\/div>\n\t\t\t\t\t\t<\/div>\n\t\t\t\t<\/div>\n\t\t\t\t\t<\/div>\n\t\t<\/div>\n\t\t\t\t\t<\/div>\n\t\t<\/section>\n\t\t\t\t<section class=\"elementor-section elementor-top-section elementor-element elementor-element-2b2636d elementor-section-boxed elementor-section-height-default elementor-section-height-default\" data-id=\"2b2636d\" data-element_type=\"section\" data-e-type=\"section\">\n\t\t\t\t\t\t<div class=\"elementor-container elementor-column-gap-default\">\n\t\t\t\t\t<div class=\"elementor-column elementor-col-100 elementor-top-column elementor-element elementor-element-47ed57c\" data-id=\"47ed57c\" data-element_type=\"column\" data-e-type=\"column\">\n\t\t\t<div class=\"elementor-widget-wrap elementor-element-populated\">\n\t\t\t\t\t\t<div class=\"elementor-element elementor-element-61002ea elementor-widget elementor-widget-heading\" data-id=\"61002ea\" data-element_type=\"widget\" data-e-type=\"widget\" data-widget_type=\"heading.default\">\n\t\t\t\t<div class=\"elementor-widget-container\">\n\t\t\t\t\t<h1 class=\"elementor-heading-title elementor-size-default\">Mentions l\u00e9gales<\/h1>\t\t\t\t<\/div>\n\t\t\t\t<\/div>\n\t\t\t\t\t<\/div>\n\t\t<\/div>\n\t\t\t\t\t<\/div>\n\t\t<\/section>\n\t\t\t\t<section class=\"elementor-section elementor-top-section elementor-element elementor-element-7daf694 elementor-section-boxed elementor-section-height-default elementor-section-height-default\" data-id=\"7daf694\" data-element_type=\"section\" data-e-type=\"section\">\n\t\t\t\t\t\t<div class=\"elementor-container elementor-column-gap-default\">\n\t\t\t\t\t<div class=\"elementor-column elementor-col-100 elementor-top-column elementor-element elementor-element-1469c0d\" data-id=\"1469c0d\" data-element_type=\"column\" data-e-type=\"column\">\n\t\t\t<div class=\"elementor-widget-wrap elementor-element-populated\">\n\t\t\t\t\t\t<div class=\"elementor-element elementor-element-d0cdd45 elementor-widget elementor-widget-text-editor\" data-id=\"d0cdd45\" data-element_type=\"widget\" data-e-type=\"widget\" data-widget_type=\"text-editor.default\">\n\t\t\t\t<div class=\"elementor-widget-container\">\n\t\t\t\t\t\t\t\t\t<p>Ce site internet est \u00e9dit\u00e9 par l\u2019entreprise <strong>Caom &#8211; Agence de communication<span class=\"Apple-converted-space\">\u00a0<\/span><\/strong><\/p>\t\t\t\t\t\t\t\t<\/div>\n\t\t\t\t<\/div>\n\t\t\t\t<div class=\"elementor-element elementor-element-44e3241 elementor-widget elementor-widget-heading\" data-id=\"44e3241\" data-element_type=\"widget\" data-e-type=\"widget\" data-widget_type=\"heading.default\">\n\t\t\t\t<div class=\"elementor-widget-container\">\n\t\t\t\t\t<h2 class=\"elementor-heading-title elementor-size-default\">Coordonn\u00e9es de l'Entreprise :\n<\/h2>\t\t\t\t<\/div>\n\t\t\t\t<\/div>\n\t\t\t\t<div class=\"elementor-element elementor-element-adcbd02 elementor-widget elementor-widget-text-editor\" data-id=\"adcbd02\" data-element_type=\"widget\" data-e-type=\"widget\" data-widget_type=\"text-editor.default\">\n\t\t\t\t<div class=\"elementor-widget-container\">\n\t\t\t\t\t\t\t\t\t<ul><li>Nom de l&rsquo;Entreprise : Camille Rouzineau EI &#8211; Caom<span class=\"Apple-converted-space\">\u00a0Agence de\u00a0<\/span>communication<\/li><li>Forme juridique : Entrepreneur Individuel\u00a0<\/li><li>Num\u00e9ro de SIRET :\u00a093059101100018<\/li><li>Adresse : 52 route de Notre Dame de Gr\u00e2ce<\/li><li>Num\u00e9ro de t\u00e9l\u00e9phone : 06 32 97 06 53<\/li><li>Adresse e-mail : camille@agence-caom.fr<\/li><li>Site internet : <a href=\"https:\/\/agence-caom.fr\/\">www.agence-caom.fr<\/a><\/li><li>R\u00e9seaux sociaux : <a href=\"https:\/\/www.instagram.com\/agence_caom\/\">Instagram<\/a> ; <a href=\"https:\/\/www.facebook.com\/profile.php?id=61550912141809\">Facebook<\/a> ; <a href=\"https:\/\/www.linkedin.com\/company\/caom-agence-de-communication\/\">LinkedIn<\/a><\/li><\/ul>\t\t\t\t\t\t\t\t<\/div>\n\t\t\t\t<\/div>\n\t\t\t\t<div class=\"elementor-element elementor-element-671b2b3 elementor-widget elementor-widget-heading\" data-id=\"671b2b3\" data-element_type=\"widget\" data-e-type=\"widget\" data-widget_type=\"heading.default\">\n\t\t\t\t<div class=\"elementor-widget-container\">\n\t\t\t\t\t<h2 class=\"elementor-heading-title elementor-size-default\">Directeur de la publication :<\/h2>\t\t\t\t<\/div>\n\t\t\t\t<\/div>\n\t\t\t\t<div class=\"elementor-element elementor-element-02ae013 elementor-widget elementor-widget-text-editor\" data-id=\"02ae013\" data-element_type=\"widget\" data-e-type=\"widget\" data-widget_type=\"text-editor.default\">\n\t\t\t\t<div class=\"elementor-widget-container\">\n\t\t\t\t\t\t\t\t\t<p>Nom de la directrice de la publication : <strong>Camille Rouzineau<span class=\"Apple-converted-space\">\u00a0<\/span><\/strong><\/p>\t\t\t\t\t\t\t\t<\/div>\n\t\t\t\t<\/div>\n\t\t\t\t<div class=\"elementor-element elementor-element-3f0227d elementor-widget elementor-widget-heading\" data-id=\"3f0227d\" data-element_type=\"widget\" data-e-type=\"widget\" data-widget_type=\"heading.default\">\n\t\t\t\t<div class=\"elementor-widget-container\">\n\t\t\t\t\t<h2 class=\"elementor-heading-title elementor-size-default\">H\u00e9bergement du site :<\/h2>\t\t\t\t<\/div>\n\t\t\t\t<\/div>\n\t\t\t\t<div class=\"elementor-element elementor-element-fa7d39b elementor-widget elementor-widget-text-editor\" data-id=\"fa7d39b\" data-element_type=\"widget\" data-e-type=\"widget\" data-widget_type=\"text-editor.default\">\n\t\t\t\t<div class=\"elementor-widget-container\">\n\t\t\t\t\t\t\t\t\t<p>Ce site est h\u00e9berg\u00e9 par <strong>Hostinger<\/strong> dont le si\u00e8ge social est situ\u00e9 \u00e0 HOSTINGER INTERNATIONAL LTD, <strong>61 Lordou Vironos Street, 6023 Larnaca, Chypre<\/strong><\/p>\t\t\t\t\t\t\t\t<\/div>\n\t\t\t\t<\/div>\n\t\t\t\t<div class=\"elementor-element elementor-element-2036cce elementor-widget elementor-widget-heading\" data-id=\"2036cce\" data-element_type=\"widget\" data-e-type=\"widget\" data-widget_type=\"heading.default\">\n\t\t\t\t<div class=\"elementor-widget-container\">\n\t\t\t\t\t<h2 class=\"elementor-heading-title elementor-size-default\">Propri\u00e9t\u00e9 intellectuelle :<\/h2>\t\t\t\t<\/div>\n\t\t\t\t<\/div>\n\t\t\t\t<div class=\"elementor-element elementor-element-065c1c5 elementor-widget elementor-widget-text-editor\" data-id=\"065c1c5\" data-element_type=\"widget\" data-e-type=\"widget\" data-widget_type=\"text-editor.default\">\n\t\t\t\t<div class=\"elementor-widget-container\">\n\t\t\t\t\t\t\t\t\t<p>L&rsquo;ensemble du contenu de ce site, y compris les textes, les images, les vid\u00e9os, les logos et les \u00e9l\u00e9ments graphiques, est la propri\u00e9t\u00e9 de l&rsquo;Entreprise &#8211; Caom agence de communication &#8211; et\/ou est utilis\u00e9 avec l&rsquo;autorisation des titulaires des droits d&rsquo;auteur. Ainsi, toute reproduction, distribution ou utilisation non autoris\u00e9e de ces \u00e9l\u00e9ments est strictement interdite.<\/p>\t\t\t\t\t\t\t\t<\/div>\n\t\t\t\t<\/div>\n\t\t\t\t<div class=\"elementor-element elementor-element-c0ade1e elementor-widget elementor-widget-heading\" data-id=\"c0ade1e\" data-element_type=\"widget\" data-e-type=\"widget\" data-widget_type=\"heading.default\">\n\t\t\t\t<div class=\"elementor-widget-container\">\n\t\t\t\t\t<h2 class=\"elementor-heading-title elementor-size-default\">Protection des donn\u00e9es personnelles :<\/h2>\t\t\t\t<\/div>\n\t\t\t\t<\/div>\n\t\t\t\t<div class=\"elementor-element elementor-element-c387eed elementor-widget elementor-widget-text-editor\" data-id=\"c387eed\" data-element_type=\"widget\" data-e-type=\"widget\" data-widget_type=\"text-editor.default\">\n\t\t\t\t<div class=\"elementor-widget-container\">\n\t\t\t\t\t\t\t\t\t<p>Caom s&rsquo;engage \u00e0 prot\u00e9ger la confidentialit\u00e9 de vos donn\u00e9es personnelles conform\u00e9ment \u00e0 la l\u00e9gislation en vigueur. Pour en savoir plus sur la mani\u00e8re dont nous collectons, utilisons et stockons vos donn\u00e9es personnelles, consultez notre <a href=\"https:\/\/agence-caom.fr\/index.php\/politique-de-confidentialite\/\">Politique de Confidentialit\u00e9<\/a>.<\/p>\t\t\t\t\t\t\t\t<\/div>\n\t\t\t\t<\/div>\n\t\t\t\t<div class=\"elementor-element elementor-element-6f63421 elementor-widget elementor-widget-heading\" data-id=\"6f63421\" data-element_type=\"widget\" data-e-type=\"widget\" data-widget_type=\"heading.default\">\n\t\t\t\t<div class=\"elementor-widget-container\">\n\t\t\t\t\t<h2 class=\"elementor-heading-title elementor-size-default\">Cookies :<\/h2>\t\t\t\t<\/div>\n\t\t\t\t<\/div>\n\t\t\t\t<div class=\"elementor-element elementor-element-819f20e elementor-widget elementor-widget-text-editor\" data-id=\"819f20e\" data-element_type=\"widget\" data-e-type=\"widget\" data-widget_type=\"text-editor.default\">\n\t\t\t\t<div class=\"elementor-widget-container\">\n\t\t\t\t\t\t\t\t\t<p>Ce site internet utilise des cookies pour am\u00e9liorer l&rsquo;exp\u00e9rience de l&rsquo;utilisateur. Vous pouvez donc les accepter ou les refuser.<\/p>\t\t\t\t\t\t\t\t<\/div>\n\t\t\t\t<\/div>\n\t\t\t\t<div class=\"elementor-element elementor-element-2759f77 elementor-widget elementor-widget-heading\" data-id=\"2759f77\" data-element_type=\"widget\" data-e-type=\"widget\" data-widget_type=\"heading.default\">\n\t\t\t\t<div class=\"elementor-widget-container\">\n\t\t\t\t\t<h2 class=\"elementor-heading-title elementor-size-default\">Liens vers des sites tiers :<\/h2>\t\t\t\t<\/div>\n\t\t\t\t<\/div>\n\t\t\t\t<div class=\"elementor-element elementor-element-25f1764 elementor-widget elementor-widget-text-editor\" data-id=\"25f1764\" data-element_type=\"widget\" data-e-type=\"widget\" data-widget_type=\"text-editor.default\">\n\t\t\t\t<div class=\"elementor-widget-container\">\n\t\t\t\t\t\t\t\t\t<p>Ce site contient des liens vers des sites internet de tiers. Caom d\u00e9cline toute responsabilit\u00e9 concernant le contenu ou les pratiques de confidentialit\u00e9 de ces sites tiers.<\/p>\t\t\t\t\t\t\t\t<\/div>\n\t\t\t\t<\/div>\n\t\t\t\t\t<\/div>\n\t\t<\/div>\n\t\t\t\t\t<\/div>\n\t\t<\/section>\n\t\t\t\t<section class=\"elementor-section elementor-top-section elementor-element elementor-element-2fe7ade elementor-section-boxed elementor-section-height-default elementor-section-height-default\" data-id=\"2fe7ade\" data-element_type=\"section\" data-e-type=\"section\">\n\t\t\t\t\t\t<div class=\"elementor-container elementor-column-gap-default\">\n\t\t\t\t\t<div class=\"elementor-column elementor-col-100 elementor-top-column elementor-element elementor-element-ec219a8\" data-id=\"ec219a8\" data-element_type=\"column\" data-e-type=\"column\">\n\t\t\t<div class=\"elementor-widget-wrap elementor-element-populated\">\n\t\t\t\t\t\t<div class=\"elementor-element elementor-element-c962ddd elementor-widget elementor-widget-heading\" data-id=\"c962ddd\" data-element_type=\"widget\" data-e-type=\"widget\" data-widget_type=\"heading.default\">\n\t\t\t\t<div class=\"elementor-widget-container\">\n\t\t\t\t\t<h2 class=\"elementor-heading-title elementor-size-default\">Mentions l\u00e9gales<\/h2>\t\t\t\t<\/div>\n\t\t\t\t<\/div>\n\t\t\t\t<div class=\"elementor-element elementor-element-44f0410 elementor-widget elementor-widget-heading\" data-id=\"44f0410\" data-element_type=\"widget\" data-e-type=\"widget\" data-widget_type=\"heading.default\">\n\t\t\t\t<div class=\"elementor-widget-container\">\n\t\t\t\t\t<h3 class=\"elementor-heading-title elementor-size-default\">Mentions l\u00e9gales<\/h3>\t\t\t\t<\/div>\n\t\t\t\t<\/div>\n\t\t\t\t\t<\/div>\n\t\t<\/div>\n\t\t\t\t\t<\/div>\n\t\t<\/section>\n\t\t\t\t<section class=\"elementor-section elementor-top-section elementor-element elementor-element-9e5583f elementor-section-boxed elementor-section-height-default elementor-section-height-default\" data-id=\"9e5583f\" data-element_type=\"section\" data-e-type=\"section\">\n\t\t\t\t\t\t<div class=\"elementor-container elementor-column-gap-default\">\n\t\t\t\t\t<div class=\"elementor-column elementor-col-100 elementor-top-column elementor-element elementor-element-125c99a\" data-id=\"125c99a\" data-element_type=\"column\" data-e-type=\"column\">\n\t\t\t<div class=\"elementor-widget-wrap elementor-element-populated\">\n\t\t\t\t\t\t<div class=\"elementor-element elementor-element-05148fe elementor-widget elementor-widget-text-editor\" data-id=\"05148fe\" data-element_type=\"widget\" data-e-type=\"widget\" data-widget_type=\"text-editor.default\">\n\t\t\t\t<div class=\"elementor-widget-container\">\n\t\t\t\t\t\t\t\t\t<p>D\u00e9couvrez les mentions l\u00e9gales de l&rsquo;entreprise Caom<\/p>\t\t\t\t\t\t\t\t<\/div>\n\t\t\t\t<\/div>\n\t\t\t\t\t<\/div>\n\t\t<\/div>\n\t\t\t\t\t<\/div>\n\t\t<\/section>\n\t\t\t\t<\/div>\n\t\t","protected":false},"excerpt":{"rendered":"<p>Mentions l\u00e9gales Ce site internet est \u00e9dit\u00e9 par l\u2019entreprise Caom &#8211; Agence de communication\u00a0 Coordonn\u00e9es de l&rsquo;Entreprise : Nom de l&rsquo;Entreprise : Camille Rouzineau EI &#8211; Caom\u00a0Agence de\u00a0communication Forme juridique : Entrepreneur Individuel\u00a0 Num\u00e9ro de SIRET :\u00a093059101100018 Adresse : 52 route de Notre Dame de Gr\u00e2ce Num\u00e9ro de t\u00e9l\u00e9phone : 06 32 97 06 53 [&hellip;]<\/p>\n","protected":false},"author":1,"featured_media":27,"parent":0,"menu_order":0,"comment_status":"closed","ping_status":"closed","template":"","meta":{"footnotes":""},"class_list":["post-1703","page","type-page","status-publish","has-post-thumbnail","hentry"],"blocksy_meta":[],"yoast_head":"<!-- This site is optimized with the Yoast SEO plugin v27.4 - https:\/\/yoast.com\/product\/yoast-seo-wordpress\/ -->\n<title>Caom Agence de communication - Mentions l\u00e9gales<\/title>\n<meta name=\"description\" content=\"Mentions l\u00e9gales de l&#039;agence Caom - Site \u00e9dit\u00e9 par Caom - agence de communication ; aux c\u00f4t\u00e9s de l&#039;ouvre-boites\" \/>\n<meta name=\"robots\" content=\"index, follow, max-snippet:-1, max-image-preview:large, max-video-preview:-1\" \/>\n<link rel=\"canonical\" href=\"https:\/\/agence-caom.fr\/index.php\/caom-agence-de-communication-mentions-legales\/\" \/>\n<meta property=\"og:locale\" content=\"fr_FR\" \/>\n<meta property=\"og:type\" content=\"article\" \/>\n<meta property=\"og:title\" content=\"Caom Agence de communication - Mentions l\u00e9gales\" \/>\n<meta property=\"og:description\" content=\"Mentions l\u00e9gales de l&#039;agence Caom - Site \u00e9dit\u00e9 par Caom - agence de communication ; aux c\u00f4t\u00e9s de l&#039;ouvre-boites\" \/>\n<meta property=\"og:url\" content=\"https:\/\/agence-caom.fr\/index.php\/caom-agence-de-communication-mentions-legales\/\" \/>\n<meta property=\"og:site_name\" content=\"Caom - Agence de communication\" \/>\n<meta property=\"article:publisher\" content=\"https:\/\/www.facebook.com\/profile.php?id=61550912141809&amp;locale=fr_FR\" \/>\n<meta property=\"article:modified_time\" content=\"2024-10-28T10:02:27+00:00\" \/>\n<meta property=\"og:image\" content=\"http:\/\/agence-caom.fr\/wp-content\/uploads\/2023\/09\/Petit-logo-caom-vert.png\" \/>\n\t<meta property=\"og:image:width\" content=\"846\" \/>\n\t<meta property=\"og:image:height\" content=\"845\" \/>\n\t<meta property=\"og:image:type\" content=\"image\/png\" \/>\n<meta name=\"twitter:card\" content=\"summary_large_image\" \/>\n<meta name=\"twitter:label1\" content=\"Dur\u00e9e de lecture estim\u00e9e\" \/>\n\t<meta name=\"twitter:data1\" content=\"2 minutes\" \/>\n<script type=\"application\/ld+json\" class=\"yoast-schema-graph\">{\"@context\":\"https:\\\/\\\/schema.org\",\"@graph\":[{\"@type\":\"WebPage\",\"@id\":\"https:\\\/\\\/agence-caom.fr\\\/index.php\\\/caom-agence-de-communication-mentions-legales\\\/\",\"url\":\"https:\\\/\\\/agence-caom.fr\\\/index.php\\\/caom-agence-de-communication-mentions-legales\\\/\",\"name\":\"Caom Agence de communication - Mentions l\u00e9gales\",\"isPartOf\":{\"@id\":\"https:\\\/\\\/agence-caom.fr\\\/#website\"},\"primaryImageOfPage\":{\"@id\":\"https:\\\/\\\/agence-caom.fr\\\/index.php\\\/caom-agence-de-communication-mentions-legales\\\/#primaryimage\"},\"image\":{\"@id\":\"https:\\\/\\\/agence-caom.fr\\\/index.php\\\/caom-agence-de-communication-mentions-legales\\\/#primaryimage\"},\"thumbnailUrl\":\"https:\\\/\\\/agence-caom.fr\\\/wp-content\\\/uploads\\\/2023\\\/09\\\/Petit-logo-caom-vert.png\",\"datePublished\":\"2023-11-02T17:46:13+00:00\",\"dateModified\":\"2024-10-28T10:02:27+00:00\",\"description\":\"Mentions l\u00e9gales de l'agence Caom - Site \u00e9dit\u00e9 par Caom - agence de communication ; aux c\u00f4t\u00e9s de l'ouvre-boites\",\"breadcrumb\":{\"@id\":\"https:\\\/\\\/agence-caom.fr\\\/index.php\\\/caom-agence-de-communication-mentions-legales\\\/#breadcrumb\"},\"inLanguage\":\"fr-FR\",\"potentialAction\":[{\"@type\":\"ReadAction\",\"target\":[\"https:\\\/\\\/agence-caom.fr\\\/index.php\\\/caom-agence-de-communication-mentions-legales\\\/\"]}]},{\"@type\":\"ImageObject\",\"inLanguage\":\"fr-FR\",\"@id\":\"https:\\\/\\\/agence-caom.fr\\\/index.php\\\/caom-agence-de-communication-mentions-legales\\\/#primaryimage\",\"url\":\"https:\\\/\\\/agence-caom.fr\\\/wp-content\\\/uploads\\\/2023\\\/09\\\/Petit-logo-caom-vert.png\",\"contentUrl\":\"https:\\\/\\\/agence-caom.fr\\\/wp-content\\\/uploads\\\/2023\\\/09\\\/Petit-logo-caom-vert.png\",\"width\":846,\"height\":845,\"caption\":\"Logo caom - agence de communication \u00e0 360\u00b0, Savenay et ses alentours\"},{\"@type\":\"BreadcrumbList\",\"@id\":\"https:\\\/\\\/agence-caom.fr\\\/index.php\\\/caom-agence-de-communication-mentions-legales\\\/#breadcrumb\",\"itemListElement\":[{\"@type\":\"ListItem\",\"position\":1,\"name\":\"Accueil\",\"item\":\"https:\\\/\\\/agence-caom.fr\\\/\"},{\"@type\":\"ListItem\",\"position\":2,\"name\":\"Mentions l\u00e9gales\"}]},{\"@type\":\"WebSite\",\"@id\":\"https:\\\/\\\/agence-caom.fr\\\/#website\",\"url\":\"https:\\\/\\\/agence-caom.fr\\\/\",\"name\":\"Caom\",\"description\":\"Agence de communication\",\"publisher\":{\"@id\":\"https:\\\/\\\/agence-caom.fr\\\/#organization\"},\"alternateName\":\"Caom - Agence de communication\",\"potentialAction\":[{\"@type\":\"SearchAction\",\"target\":{\"@type\":\"EntryPoint\",\"urlTemplate\":\"https:\\\/\\\/agence-caom.fr\\\/?s={search_term_string}\"},\"query-input\":{\"@type\":\"PropertyValueSpecification\",\"valueRequired\":true,\"valueName\":\"search_term_string\"}}],\"inLanguage\":\"fr-FR\"},{\"@type\":\"Organization\",\"@id\":\"https:\\\/\\\/agence-caom.fr\\\/#organization\",\"name\":\"Caom\",\"url\":\"https:\\\/\\\/agence-caom.fr\\\/\",\"logo\":{\"@type\":\"ImageObject\",\"inLanguage\":\"fr-FR\",\"@id\":\"https:\\\/\\\/agence-caom.fr\\\/#\\\/schema\\\/logo\\\/image\\\/\",\"url\":\"https:\\\/\\\/agence-caom.fr\\\/wp-content\\\/uploads\\\/2023\\\/09\\\/cropped-caom-logo_Plan-de-travail-1-08.png\",\"contentUrl\":\"https:\\\/\\\/agence-caom.fr\\\/wp-content\\\/uploads\\\/2023\\\/09\\\/cropped-caom-logo_Plan-de-travail-1-08.png\",\"width\":1317,\"height\":559,\"caption\":\"Caom\"},\"image\":{\"@id\":\"https:\\\/\\\/agence-caom.fr\\\/#\\\/schema\\\/logo\\\/image\\\/\"},\"sameAs\":[\"https:\\\/\\\/www.facebook.com\\\/profile.php?id=61550912141809&locale=fr_FR\",\"https:\\\/\\\/www.instagram.com\\\/agence_caom\\\/\",\"https:\\\/\\\/www.linkedin.com\\\/company\\\/caom-agence-de-communication\\\/about\\\/?viewAsMember=true\"]}]}<\/script>\n<!-- \/ Yoast SEO plugin. -->","yoast_head_json":{"title":"Caom Agence de communication - Mentions l\u00e9gales","description":"Mentions l\u00e9gales de l'agence Caom - Site \u00e9dit\u00e9 par Caom - agence de communication ; aux c\u00f4t\u00e9s de l'ouvre-boites","robots":{"index":"index","follow":"follow","max-snippet":"max-snippet:-1","max-image-preview":"max-image-preview:large","max-video-preview":"max-video-preview:-1"},"canonical":"https:\/\/agence-caom.fr\/index.php\/caom-agence-de-communication-mentions-legales\/","og_locale":"fr_FR","og_type":"article","og_title":"Caom Agence de communication - Mentions l\u00e9gales","og_description":"Mentions l\u00e9gales de l'agence Caom - Site \u00e9dit\u00e9 par Caom - agence de communication ; aux c\u00f4t\u00e9s de l'ouvre-boites","og_url":"https:\/\/agence-caom.fr\/index.php\/caom-agence-de-communication-mentions-legales\/","og_site_name":"Caom - Agence de communication","article_publisher":"https:\/\/www.facebook.com\/profile.php?id=61550912141809&locale=fr_FR","article_modified_time":"2024-10-28T10:02:27+00:00","og_image":[{"width":846,"height":845,"url":"http:\/\/agence-caom.fr\/wp-content\/uploads\/2023\/09\/Petit-logo-caom-vert.png","type":"image\/png"}],"twitter_card":"summary_large_image","twitter_misc":{"Dur\u00e9e de lecture estim\u00e9e":"2 minutes"},"schema":{"@context":"https:\/\/schema.org","@graph":[{"@type":"WebPage","@id":"https:\/\/agence-caom.fr\/index.php\/caom-agence-de-communication-mentions-legales\/","url":"https:\/\/agence-caom.fr\/index.php\/caom-agence-de-communication-mentions-legales\/","name":"Caom Agence de communication - Mentions l\u00e9gales","isPartOf":{"@id":"https:\/\/agence-caom.fr\/#website"},"primaryImageOfPage":{"@id":"https:\/\/agence-caom.fr\/index.php\/caom-agence-de-communication-mentions-legales\/#primaryimage"},"image":{"@id":"https:\/\/agence-caom.fr\/index.php\/caom-agence-de-communication-mentions-legales\/#primaryimage"},"thumbnailUrl":"https:\/\/agence-caom.fr\/wp-content\/uploads\/2023\/09\/Petit-logo-caom-vert.png","datePublished":"2023-11-02T17:46:13+00:00","dateModified":"2024-10-28T10:02:27+00:00","description":"Mentions l\u00e9gales de l'agence Caom - Site \u00e9dit\u00e9 par Caom - agence de communication ; aux c\u00f4t\u00e9s de l'ouvre-boites","breadcrumb":{"@id":"https:\/\/agence-caom.fr\/index.php\/caom-agence-de-communication-mentions-legales\/#breadcrumb"},"inLanguage":"fr-FR","potentialAction":[{"@type":"ReadAction","target":["https:\/\/agence-caom.fr\/index.php\/caom-agence-de-communication-mentions-legales\/"]}]},{"@type":"ImageObject","inLanguage":"fr-FR","@id":"https:\/\/agence-caom.fr\/index.php\/caom-agence-de-communication-mentions-legales\/#primaryimage","url":"https:\/\/agence-caom.fr\/wp-content\/uploads\/2023\/09\/Petit-logo-caom-vert.png","contentUrl":"https:\/\/agence-caom.fr\/wp-content\/uploads\/2023\/09\/Petit-logo-caom-vert.png","width":846,"height":845,"caption":"Logo caom - agence de communication \u00e0 360\u00b0, Savenay et ses alentours"},{"@type":"BreadcrumbList","@id":"https:\/\/agence-caom.fr\/index.php\/caom-agence-de-communication-mentions-legales\/#breadcrumb","itemListElement":[{"@type":"ListItem","position":1,"name":"Accueil","item":"https:\/\/agence-caom.fr\/"},{"@type":"ListItem","position":2,"name":"Mentions l\u00e9gales"}]},{"@type":"WebSite","@id":"https:\/\/agence-caom.fr\/#website","url":"https:\/\/agence-caom.fr\/","name":"Caom","description":"Agence de communication","publisher":{"@id":"https:\/\/agence-caom.fr\/#organization"},"alternateName":"Caom - Agence de communication","potentialAction":[{"@type":"SearchAction","target":{"@type":"EntryPoint","urlTemplate":"https:\/\/agence-caom.fr\/?s={search_term_string}"},"query-input":{"@type":"PropertyValueSpecification","valueRequired":true,"valueName":"search_term_string"}}],"inLanguage":"fr-FR"},{"@type":"Organization","@id":"https:\/\/agence-caom.fr\/#organization","name":"Caom","url":"https:\/\/agence-caom.fr\/","logo":{"@type":"ImageObject","inLanguage":"fr-FR","@id":"https:\/\/agence-caom.fr\/#\/schema\/logo\/image\/","url":"https:\/\/agence-caom.fr\/wp-content\/uploads\/2023\/09\/cropped-caom-logo_Plan-de-travail-1-08.png","contentUrl":"https:\/\/agence-caom.fr\/wp-content\/uploads\/2023\/09\/cropped-caom-logo_Plan-de-travail-1-08.png","width":1317,"height":559,"caption":"Caom"},"image":{"@id":"https:\/\/agence-caom.fr\/#\/schema\/logo\/image\/"},"sameAs":["https:\/\/www.facebook.com\/profile.php?id=61550912141809&locale=fr_FR","https:\/\/www.instagram.com\/agence_caom\/","https:\/\/www.linkedin.com\/company\/caom-agence-de-communication\/about\/?viewAsMember=true"]}]}},"_links":{"self":[{"href":"https:\/\/agence-caom.fr\/index.php\/wp-json\/wp\/v2\/pages\/1703","targetHints":{"allow":["GET"]}}],"collection":[{"href":"https:\/\/agence-caom.fr\/index.php\/wp-json\/wp\/v2\/pages"}],"about":[{"href":"https:\/\/agence-caom.fr\/index.php\/wp-json\/wp\/v2\/types\/page"}],"author":[{"embeddable":true,"href":"https:\/\/agence-caom.fr\/index.php\/wp-json\/wp\/v2\/users\/1"}],"replies":[{"embeddable":true,"href":"https:\/\/agence-caom.fr\/index.php\/wp-json\/wp\/v2\/comments?post=1703"}],"version-history":[{"count":61,"href":"https:\/\/agence-caom.fr\/index.php\/wp-json\/wp\/v2\/pages\/1703\/revisions"}],"predecessor-version":[{"id":2521,"href":"https:\/\/agence-caom.fr\/index.php\/wp-json\/wp\/v2\/pages\/1703\/revisions\/2521"}],"wp:featuredmedia":[{"embeddable":true,"href":"https:\/\/agence-caom.fr\/index.php\/wp-json\/wp\/v2\/media\/27"}],"wp:attachment":[{"href":"https:\/\/agence-caom.fr\/index.php\/wp-json\/wp\/v2\/media?parent=1703"}],"curies":[{"name":"wp","href":"https:\/\/api.w.org\/{rel}","templated":true}]}}