{"id":1224,"date":"2023-10-30T13:22:23","date_gmt":"2023-10-30T12:22:23","guid":{"rendered":"https:\/\/agence-caom.fr\/?page_id=1224"},"modified":"2025-01-31T19:08:13","modified_gmt":"2025-01-31T18:08:13","slug":"communication-entrepreneur","status":"publish","type":"page","link":"https:\/\/agence-caom.fr\/index.php\/communication-entrepreneur\/","title":{"rendered":"Pack entrepreneur"},"content":{"rendered":"\t\t<div data-elementor-type=\"wp-page\" data-elementor-id=\"1224\" class=\"elementor elementor-1224\" data-elementor-post-type=\"page\">\n\t\t\t\t\t\t<section class=\"elementor-section elementor-top-section elementor-element elementor-element-0cbf333 ct-section-stretched elementor-section-height-min-height elementor-section-boxed elementor-section-height-default elementor-section-items-middle\" data-id=\"0cbf333\" data-element_type=\"section\" data-e-type=\"section\" data-settings=\"{&quot;background_background&quot;:&quot;classic&quot;}\">\n\t\t\t\t\t\t<div class=\"elementor-container elementor-column-gap-default\">\n\t\t\t\t\t<div class=\"elementor-column elementor-col-100 elementor-top-column elementor-element elementor-element-2ac2d7e\" data-id=\"2ac2d7e\" data-element_type=\"column\" data-e-type=\"column\">\n\t\t\t<div class=\"elementor-widget-wrap elementor-element-populated\">\n\t\t\t\t\t\t<div class=\"elementor-element elementor-element-794fa43 elementor-widget elementor-widget-spacer\" data-id=\"794fa43\" data-element_type=\"widget\" data-e-type=\"widget\" data-widget_type=\"spacer.default\">\n\t\t\t\t<div class=\"elementor-widget-container\">\n\t\t\t\t\t\t\t<div class=\"elementor-spacer\">\n\t\t\t<div class=\"elementor-spacer-inner\"><\/div>\n\t\t<\/div>\n\t\t\t\t\t\t<\/div>\n\t\t\t\t<\/div>\n\t\t\t\t<div class=\"elementor-element elementor-element-60764aa elementor-invisible elementor-widget elementor-widget-heading\" data-id=\"60764aa\" data-element_type=\"widget\" data-e-type=\"widget\" data-settings=\"{&quot;_animation&quot;:&quot;fadeIn&quot;}\" data-widget_type=\"heading.default\">\n\t\t\t\t<div class=\"elementor-widget-container\">\n\t\t\t\t\t<h1 class=\"elementor-heading-title elementor-size-default\">Pack entrepreneur<\/h1>\t\t\t\t<\/div>\n\t\t\t\t<\/div>\n\t\t\t\t<div class=\"elementor-element elementor-element-766d921 elementor-widget elementor-widget-spacer\" data-id=\"766d921\" data-element_type=\"widget\" data-e-type=\"widget\" data-widget_type=\"spacer.default\">\n\t\t\t\t<div class=\"elementor-widget-container\">\n\t\t\t\t\t\t\t<div class=\"elementor-spacer\">\n\t\t\t<div class=\"elementor-spacer-inner\"><\/div>\n\t\t<\/div>\n\t\t\t\t\t\t<\/div>\n\t\t\t\t<\/div>\n\t\t\t\t\t<\/div>\n\t\t<\/div>\n\t\t\t\t\t<\/div>\n\t\t<\/section>\n\t\t\t\t<section class=\"elementor-section elementor-top-section elementor-element elementor-element-0e4a062 elementor-section-boxed elementor-section-height-default elementor-section-height-default\" data-id=\"0e4a062\" data-element_type=\"section\" data-e-type=\"section\">\n\t\t\t\t\t\t<div class=\"elementor-container elementor-column-gap-default\">\n\t\t\t\t\t<div class=\"elementor-column elementor-col-100 elementor-top-column elementor-element elementor-element-8d49048\" data-id=\"8d49048\" data-element_type=\"column\" data-e-type=\"column\">\n\t\t\t<div class=\"elementor-widget-wrap elementor-element-populated\">\n\t\t\t\t\t\t<div class=\"elementor-element elementor-element-a59e41a elementor-widget elementor-widget-spacer\" data-id=\"a59e41a\" data-element_type=\"widget\" data-e-type=\"widget\" data-widget_type=\"spacer.default\">\n\t\t\t\t<div class=\"elementor-widget-container\">\n\t\t\t\t\t\t\t<div class=\"elementor-spacer\">\n\t\t\t<div class=\"elementor-spacer-inner\"><\/div>\n\t\t<\/div>\n\t\t\t\t\t\t<\/div>\n\t\t\t\t<\/div>\n\t\t\t\t\t<\/div>\n\t\t<\/div>\n\t\t\t\t\t<\/div>\n\t\t<\/section>\n\t\t\t\t<section class=\"elementor-section elementor-top-section elementor-element elementor-element-03f40f0 elementor-section-boxed elementor-section-height-default elementor-section-height-default\" data-id=\"03f40f0\" data-element_type=\"section\" data-e-type=\"section\">\n\t\t\t\t\t\t<div class=\"elementor-container elementor-column-gap-default\">\n\t\t\t\t\t<div class=\"elementor-column elementor-col-100 elementor-top-column elementor-element elementor-element-692b216\" data-id=\"692b216\" data-element_type=\"column\" data-e-type=\"column\">\n\t\t\t<div class=\"elementor-widget-wrap elementor-element-populated\">\n\t\t\t\t\t\t<div class=\"elementor-element elementor-element-cbb697a elementor-widget elementor-widget-heading\" data-id=\"cbb697a\" data-element_type=\"widget\" data-e-type=\"widget\" data-widget_type=\"heading.default\">\n\t\t\t\t<div class=\"elementor-widget-container\">\n\t\t\t\t\t<h1 class=\"elementor-heading-title elementor-size-default\">Pack communication entrepreneur Cam : 3,2,1... Lancement r\u00e9ussi !<\/h1>\t\t\t\t<\/div>\n\t\t\t\t<\/div>\n\t\t\t\t<div class=\"elementor-element elementor-element-106deae elementor-widget elementor-widget-text-editor\" data-id=\"106deae\" data-element_type=\"widget\" data-e-type=\"widget\" data-widget_type=\"text-editor.default\">\n\t\t\t\t<div class=\"elementor-widget-container\">\n\t\t\t\t\t\t\t\t\t<p>Caom croit en l&rsquo;entrepreneuriat, en l&rsquo;audace des petites entreprises, et en la puissance d&rsquo;une image de marque forte. C&rsquo;est pourquoi nous avons cr\u00e9\u00e9 le \u00ab\u00a0Pack Communication Entrepreneur.\u00a0<\/p><p>Une offre sp\u00e9cialement con\u00e7ue pour aider les entrepreneurs \u00e0 lancer leur activit\u00e9 avec des supports de communication \u00e0 leur image, et ce, m\u00eame avec un budget limit\u00e9. Notre objectif est de vous accompagner d\u00e8s le d\u00e9marrage pour vous offrir un coup de pouce d\u00e9cisif.<\/p>\t\t\t\t\t\t\t\t<\/div>\n\t\t\t\t<\/div>\n\t\t\t\t\t<\/div>\n\t\t<\/div>\n\t\t\t\t\t<\/div>\n\t\t<\/section>\n\t\t\t\t<section class=\"elementor-section elementor-top-section elementor-element elementor-element-f6f11bb elementor-section-boxed elementor-section-height-default elementor-section-height-default elementor-invisible\" data-id=\"f6f11bb\" data-element_type=\"section\" data-e-type=\"section\" data-settings=\"{&quot;animation&quot;:&quot;slideInUp&quot;}\">\n\t\t\t\t\t\t<div class=\"elementor-container elementor-column-gap-default\">\n\t\t\t\t\t<div class=\"elementor-column elementor-col-100 elementor-top-column elementor-element elementor-element-bb435d2\" data-id=\"bb435d2\" data-element_type=\"column\" data-e-type=\"column\">\n\t\t\t<div class=\"elementor-widget-wrap elementor-element-populated\">\n\t\t\t\t\t\t<div class=\"elementor-element elementor-element-a616a22 elementor-widget-divider--view-line_icon elementor-view-default elementor-widget-divider--element-align-center elementor-widget elementor-widget-divider\" data-id=\"a616a22\" data-element_type=\"widget\" data-e-type=\"widget\" data-widget_type=\"divider.default\">\n\t\t\t\t<div class=\"elementor-widget-container\">\n\t\t\t\t\t\t\t<div class=\"elementor-divider\">\n\t\t\t<span class=\"elementor-divider-separator\">\n\t\t\t\t\t\t\t<div class=\"elementor-icon elementor-divider__element\">\n\t\t\t\t\t<i aria-hidden=\"true\" class=\"fas fa-arrow-down\"><\/i><\/div>\n\t\t\t\t\t\t<\/span>\n\t\t<\/div>\n\t\t\t\t\t\t<\/div>\n\t\t\t\t<\/div>\n\t\t\t\t\t<\/div>\n\t\t<\/div>\n\t\t\t\t\t<\/div>\n\t\t<\/section>\n\t\t\t\t<section class=\"elementor-section elementor-top-section elementor-element elementor-element-a497753 ct-section-stretched elementor-section-boxed elementor-section-height-default elementor-section-height-default\" data-id=\"a497753\" data-element_type=\"section\" data-e-type=\"section\" data-settings=\"{&quot;background_background&quot;:&quot;classic&quot;}\">\n\t\t\t\t\t\t<div class=\"elementor-container elementor-column-gap-default\">\n\t\t\t\t\t<div class=\"elementor-column elementor-col-100 elementor-top-column elementor-element elementor-element-da60a69\" data-id=\"da60a69\" data-element_type=\"column\" data-e-type=\"column\">\n\t\t\t<div class=\"elementor-widget-wrap elementor-element-populated\">\n\t\t\t\t\t\t<div class=\"elementor-element elementor-element-a244d5e elementor-widget elementor-widget-heading\" data-id=\"a244d5e\" data-element_type=\"widget\" data-e-type=\"widget\" data-widget_type=\"heading.default\">\n\t\t\t\t<div class=\"elementor-widget-container\">\n\t\t\t\t\t<h2 class=\"elementor-heading-title elementor-size-default\">Contenu du pack<\/h2>\t\t\t\t<\/div>\n\t\t\t\t<\/div>\n\t\t\t\t<div class=\"elementor-element elementor-element-8531d54 elementor-widget elementor-widget-text-editor\" data-id=\"8531d54\" data-element_type=\"widget\" data-e-type=\"widget\" data-widget_type=\"text-editor.default\">\n\t\t\t\t<div class=\"elementor-widget-container\">\n\t\t\t\t\t\t\t\t\t<p>Le \u00ab\u00a0Pack Communication Entrepreneur\u00a0\u00bb est minutieusement \u00e9labor\u00e9 pour r\u00e9pondre aux besoins essentiels de toute entreprise d\u00e9butante. Il inclut les \u00e9l\u00e9ments cl\u00e9s qui vous permettront de d\u00e9marrer sur des bases solides :<\/p>\t\t\t\t\t\t\t\t<\/div>\n\t\t\t\t<\/div>\n\t\t\t\t<div class=\"elementor-element elementor-element-860ea65 elementor-widget elementor-widget-toggle\" data-id=\"860ea65\" data-element_type=\"widget\" data-e-type=\"widget\" data-widget_type=\"toggle.default\">\n\t\t\t\t<div class=\"elementor-widget-container\">\n\t\t\t\t\t\t\t<div class=\"elementor-toggle\">\n\t\t\t\t\t\t\t<div class=\"elementor-toggle-item\">\n\t\t\t\t\t<div id=\"elementor-tab-title-1401\" class=\"elementor-tab-title\" data-tab=\"1\" role=\"button\" aria-controls=\"elementor-tab-content-1401\" aria-expanded=\"false\">\n\t\t\t\t\t\t\t\t\t\t\t\t<span class=\"elementor-toggle-icon elementor-toggle-icon-left\" aria-hidden=\"true\">\n\t\t\t\t\t\t\t\t\t\t\t\t\t\t\t<span class=\"elementor-toggle-icon-closed\"><i class=\"fas fa-caret-right\"><\/i><\/span>\n\t\t\t\t\t\t\t\t<span class=\"elementor-toggle-icon-opened\"><i class=\"elementor-toggle-icon-opened fas fa-caret-up\"><\/i><\/span>\n\t\t\t\t\t\t\t\t\t\t\t\t\t<\/span>\n\t\t\t\t\t\t\t\t\t\t\t\t<a class=\"elementor-toggle-title\" tabindex=\"0\">Cr\u00e9ation de logo<\/a>\n\t\t\t\t\t<\/div>\n\n\t\t\t\t\t<div id=\"elementor-tab-content-1401\" class=\"elementor-tab-content elementor-clearfix\" data-tab=\"1\" role=\"region\" aria-labelledby=\"elementor-tab-title-1401\"><p>Votre logo est le symbole de votre entreprise, la premi\u00e8re impression que vos clients potentiels auront de vous. Nous travaillons en \u00e9troite collaboration avec vous pour concevoir un logo unique et m\u00e9morable qui refl\u00e8te l&rsquo;essence de votre entreprise.<b><\/b><\/p><\/div>\n\t\t\t\t<\/div>\n\t\t\t\t\t\t\t<div class=\"elementor-toggle-item\">\n\t\t\t\t\t<div id=\"elementor-tab-title-1402\" class=\"elementor-tab-title\" data-tab=\"2\" role=\"button\" aria-controls=\"elementor-tab-content-1402\" aria-expanded=\"false\">\n\t\t\t\t\t\t\t\t\t\t\t\t<span class=\"elementor-toggle-icon elementor-toggle-icon-left\" aria-hidden=\"true\">\n\t\t\t\t\t\t\t\t\t\t\t\t\t\t\t<span class=\"elementor-toggle-icon-closed\"><i class=\"fas fa-caret-right\"><\/i><\/span>\n\t\t\t\t\t\t\t\t<span class=\"elementor-toggle-icon-opened\"><i class=\"elementor-toggle-icon-opened fas fa-caret-up\"><\/i><\/span>\n\t\t\t\t\t\t\t\t\t\t\t\t\t<\/span>\n\t\t\t\t\t\t\t\t\t\t\t\t<a class=\"elementor-toggle-title\" tabindex=\"0\">Carte de visite professionnelle<\/a>\n\t\t\t\t\t<\/div>\n\n\t\t\t\t\t<div id=\"elementor-tab-content-1402\" class=\"elementor-tab-content elementor-clearfix\" data-tab=\"2\" role=\"region\" aria-labelledby=\"elementor-tab-title-1402\"><p>Votre carte de visite est un outil incontournable. Nous concevons une carte de visite professionnelle qui refl\u00e8te votre identit\u00e9 de marque et vous distingue de la concurrence.<\/p><\/div>\n\t\t\t\t<\/div>\n\t\t\t\t\t\t\t<div class=\"elementor-toggle-item\">\n\t\t\t\t\t<div id=\"elementor-tab-title-1403\" class=\"elementor-tab-title\" data-tab=\"3\" role=\"button\" aria-controls=\"elementor-tab-content-1403\" aria-expanded=\"false\">\n\t\t\t\t\t\t\t\t\t\t\t\t<span class=\"elementor-toggle-icon elementor-toggle-icon-left\" aria-hidden=\"true\">\n\t\t\t\t\t\t\t\t\t\t\t\t\t\t\t<span class=\"elementor-toggle-icon-closed\"><i class=\"fas fa-caret-right\"><\/i><\/span>\n\t\t\t\t\t\t\t\t<span class=\"elementor-toggle-icon-opened\"><i class=\"elementor-toggle-icon-opened fas fa-caret-up\"><\/i><\/span>\n\t\t\t\t\t\t\t\t\t\t\t\t\t<\/span>\n\t\t\t\t\t\t\t\t\t\t\t\t<a class=\"elementor-toggle-title\" tabindex=\"0\">Cr\u00e9ation de flyer impactant :<\/a>\n\t\t\t\t\t<\/div>\n\n\t\t\t\t\t<div id=\"elementor-tab-content-1403\" class=\"elementor-tab-content elementor-clearfix\" data-tab=\"3\" role=\"region\" aria-labelledby=\"elementor-tab-title-1403\"><p>Les flyers sont parfaits pour promouvoir votre entreprise localement. Ainsi notre \u00e9quipe de designers vous fournit un flyer percutant qui captivera l&rsquo;attention de votre public cible.<\/p><\/div>\n\t\t\t\t<\/div>\n\t\t\t\t\t\t\t<div class=\"elementor-toggle-item\">\n\t\t\t\t\t<div id=\"elementor-tab-title-1404\" class=\"elementor-tab-title\" data-tab=\"4\" role=\"button\" aria-controls=\"elementor-tab-content-1404\" aria-expanded=\"false\">\n\t\t\t\t\t\t\t\t\t\t\t\t<span class=\"elementor-toggle-icon elementor-toggle-icon-left\" aria-hidden=\"true\">\n\t\t\t\t\t\t\t\t\t\t\t\t\t\t\t<span class=\"elementor-toggle-icon-closed\"><i class=\"fas fa-caret-right\"><\/i><\/span>\n\t\t\t\t\t\t\t\t<span class=\"elementor-toggle-icon-opened\"><i class=\"elementor-toggle-icon-opened fas fa-caret-up\"><\/i><\/span>\n\t\t\t\t\t\t\t\t\t\t\t\t\t<\/span>\n\t\t\t\t\t\t\t\t\t\t\t\t<a class=\"elementor-toggle-title\" tabindex=\"0\">Fiche Google my business<\/a>\n\t\t\t\t\t<\/div>\n\n\t\t\t\t\t<div id=\"elementor-tab-content-1404\" class=\"elementor-tab-content elementor-clearfix\" data-tab=\"4\" role=\"region\" aria-labelledby=\"elementor-tab-title-1404\"><p>\u00catre pr\u00e9sent en ligne est crucial pour \u00eatre trouv\u00e9 par vos clients. Nous \u00e9laborons une fiche Google My Business compl\u00e8te, optimis\u00e9e pour le r\u00e9f\u00e9rencement local, vous permettant de gagner en visibilit\u00e9 sur le web.<\/p><\/div>\n\t\t\t\t<\/div>\n\t\t\t\t\t\t\t\t<\/div>\n\t\t\t\t\t\t<\/div>\n\t\t\t\t<\/div>\n\t\t\t\t\t<\/div>\n\t\t<\/div>\n\t\t\t\t\t<\/div>\n\t\t<\/section>\n\t\t\t\t<section class=\"elementor-section elementor-top-section elementor-element elementor-element-b511406 elementor-section-boxed elementor-section-height-default elementor-section-height-default\" data-id=\"b511406\" data-element_type=\"section\" data-e-type=\"section\">\n\t\t\t\t\t\t<div class=\"elementor-container elementor-column-gap-default\">\n\t\t\t\t\t<div class=\"elementor-column elementor-col-100 elementor-top-column elementor-element elementor-element-5b647d5\" data-id=\"5b647d5\" data-element_type=\"column\" data-e-type=\"column\">\n\t\t\t<div class=\"elementor-widget-wrap elementor-element-populated\">\n\t\t\t\t\t\t<div class=\"elementor-element elementor-element-d9d413a elementor-widget elementor-widget-heading\" data-id=\"d9d413a\" data-element_type=\"widget\" data-e-type=\"widget\" data-widget_type=\"heading.default\">\n\t\t\t\t<div class=\"elementor-widget-container\">\n\t\t\t\t\t<h1 class=\"elementor-heading-title elementor-size-default\">Pourquoi Choisir le Pack Entrepreneur de Caom ?<\/h1>\t\t\t\t<\/div>\n\t\t\t\t<\/div>\n\t\t\t\t<div class=\"elementor-element elementor-element-d6f333b elementor-widget elementor-widget-text-editor\" data-id=\"d6f333b\" data-element_type=\"widget\" data-e-type=\"widget\" data-widget_type=\"text-editor.default\">\n\t\t\t\t<div class=\"elementor-widget-container\">\n\t\t\t\t\t\t\t\t\t<ul><li><b>Abordable<\/b> : Nous comprenons les contraintes budg\u00e9taires auxquelles sont confront\u00e9s les entrepreneurs en d\u00e9marrage. Notre pack est con\u00e7u pour offrir une solution de qualit\u00e9 \u00e0 un prix abordable.<\/li><li><b><\/b><b>Professionnel<\/b> : Nous mettons l&rsquo;accent sur la qualit\u00e9 et la professionnalisme de nos cr\u00e9ations, car nous savons \u00e0 quel point cela est essentiel pour vous d\u00e9marquer.<\/li><li><b><\/b><b>Personnalis\u00e9<\/b> : Chaque \u00e9l\u00e9ment de notre pack est adapt\u00e9 \u00e0 votre entreprise, refl\u00e9tant votre vision et votre style.<\/li><li><b><\/b><b>Gain de Temps<\/b> : Avec notre offre tout-en-un, vous gagnez du temps et de l&rsquo;\u00e9nergie pour vous concentrer sur le d\u00e9veloppement de votre entreprise.<\/li><\/ul>\t\t\t\t\t\t\t\t<\/div>\n\t\t\t\t<\/div>\n\t\t\t\t\t<\/div>\n\t\t<\/div>\n\t\t\t\t\t<\/div>\n\t\t<\/section>\n\t\t\t\t<\/div>\n\t\t","protected":false},"excerpt":{"rendered":"<p>Pack entrepreneur Pack communication entrepreneur Cam : 3,2,1&#8230; Lancement r\u00e9ussi ! Caom croit en l&rsquo;entrepreneuriat, en l&rsquo;audace des petites entreprises, et en la puissance d&rsquo;une image de marque forte. C&rsquo;est pourquoi nous avons cr\u00e9\u00e9 le \u00ab\u00a0Pack Communication Entrepreneur.\u00a0 Une offre sp\u00e9cialement con\u00e7ue pour aider les entrepreneurs \u00e0 lancer leur activit\u00e9 avec des supports de communication [&hellip;]<\/p>\n","protected":false},"author":1,"featured_media":0,"parent":0,"menu_order":0,"comment_status":"closed","ping_status":"closed","template":"","meta":{"footnotes":""},"class_list":["post-1224","page","type-page","status-publish","hentry"],"blocksy_meta":[],"yoast_head":"<!-- This site is optimized with the Yoast SEO plugin v27.5 - https:\/\/yoast.com\/product\/yoast-seo-wordpress\/ -->\n<title>communication entrepreneur | Caom - Agence de communication<\/title>\n<meta name=\"description\" content=\"Communication entrepreneur : Vous \u00eates entrepreneur et souhaitez booster votre activit\u00e9 ? D\u00e9couvrez notre pack communication !\" \/>\n<meta name=\"robots\" content=\"index, follow, max-snippet:-1, max-image-preview:large, max-video-preview:-1\" \/>\n<link rel=\"canonical\" href=\"https:\/\/agence-caom.fr\/index.php\/communication-entrepreneur\/\" \/>\n<meta property=\"og:locale\" content=\"fr_FR\" \/>\n<meta property=\"og:type\" content=\"article\" \/>\n<meta property=\"og:title\" content=\"communication entrepreneur | Caom - Agence de communication\" \/>\n<meta property=\"og:description\" content=\"Communication entrepreneur : Vous \u00eates entrepreneur et souhaitez booster votre activit\u00e9 ? D\u00e9couvrez notre pack communication !\" \/>\n<meta property=\"og:url\" content=\"https:\/\/agence-caom.fr\/index.php\/communication-entrepreneur\/\" \/>\n<meta property=\"og:site_name\" content=\"Caom - Agence de communication\" \/>\n<meta property=\"article:publisher\" content=\"https:\/\/www.facebook.com\/profile.php?id=61550912141809&amp;locale=fr_FR\" \/>\n<meta property=\"article:modified_time\" content=\"2025-01-31T18:08:13+00:00\" \/>\n<meta property=\"og:image\" content=\"https:\/\/agence-caom.fr\/wp-content\/uploads\/2023\/09\/Petit-logo-caom-vert.png\" \/>\n\t<meta property=\"og:image:width\" content=\"846\" \/>\n\t<meta property=\"og:image:height\" content=\"845\" \/>\n\t<meta property=\"og:image:type\" content=\"image\/png\" \/>\n<meta name=\"twitter:card\" content=\"summary_large_image\" \/>\n<meta name=\"twitter:label1\" content=\"Dur\u00e9e de lecture estim\u00e9e\" \/>\n\t<meta name=\"twitter:data1\" content=\"2 minutes\" \/>\n<script type=\"application\/ld+json\" class=\"yoast-schema-graph\">{\"@context\":\"https:\\\/\\\/schema.org\",\"@graph\":[{\"@type\":\"WebPage\",\"@id\":\"https:\\\/\\\/agence-caom.fr\\\/index.php\\\/communication-entrepreneur\\\/\",\"url\":\"https:\\\/\\\/agence-caom.fr\\\/index.php\\\/communication-entrepreneur\\\/\",\"name\":\"communication entrepreneur | Caom - Agence de communication\",\"isPartOf\":{\"@id\":\"https:\\\/\\\/agence-caom.fr\\\/#website\"},\"datePublished\":\"2023-10-30T12:22:23+00:00\",\"dateModified\":\"2025-01-31T18:08:13+00:00\",\"description\":\"Communication entrepreneur : Vous \u00eates entrepreneur et souhaitez booster votre activit\u00e9 ? D\u00e9couvrez notre pack communication !\",\"breadcrumb\":{\"@id\":\"https:\\\/\\\/agence-caom.fr\\\/index.php\\\/communication-entrepreneur\\\/#breadcrumb\"},\"inLanguage\":\"fr-FR\",\"potentialAction\":[{\"@type\":\"ReadAction\",\"target\":[\"https:\\\/\\\/agence-caom.fr\\\/index.php\\\/communication-entrepreneur\\\/\"]}]},{\"@type\":\"BreadcrumbList\",\"@id\":\"https:\\\/\\\/agence-caom.fr\\\/index.php\\\/communication-entrepreneur\\\/#breadcrumb\",\"itemListElement\":[{\"@type\":\"ListItem\",\"position\":1,\"name\":\"Accueil\",\"item\":\"https:\\\/\\\/agence-caom.fr\\\/\"},{\"@type\":\"ListItem\",\"position\":2,\"name\":\"Pack entrepreneur\"}]},{\"@type\":\"WebSite\",\"@id\":\"https:\\\/\\\/agence-caom.fr\\\/#website\",\"url\":\"https:\\\/\\\/agence-caom.fr\\\/\",\"name\":\"Caom\",\"description\":\"Agence de communication\",\"publisher\":{\"@id\":\"https:\\\/\\\/agence-caom.fr\\\/#organization\"},\"alternateName\":\"Caom - Agence de communication\",\"potentialAction\":[{\"@type\":\"SearchAction\",\"target\":{\"@type\":\"EntryPoint\",\"urlTemplate\":\"https:\\\/\\\/agence-caom.fr\\\/?s={search_term_string}\"},\"query-input\":{\"@type\":\"PropertyValueSpecification\",\"valueRequired\":true,\"valueName\":\"search_term_string\"}}],\"inLanguage\":\"fr-FR\"},{\"@type\":\"Organization\",\"@id\":\"https:\\\/\\\/agence-caom.fr\\\/#organization\",\"name\":\"Caom\",\"url\":\"https:\\\/\\\/agence-caom.fr\\\/\",\"logo\":{\"@type\":\"ImageObject\",\"inLanguage\":\"fr-FR\",\"@id\":\"https:\\\/\\\/agence-caom.fr\\\/#\\\/schema\\\/logo\\\/image\\\/\",\"url\":\"https:\\\/\\\/agence-caom.fr\\\/wp-content\\\/uploads\\\/2023\\\/09\\\/cropped-caom-logo_Plan-de-travail-1-08.png\",\"contentUrl\":\"https:\\\/\\\/agence-caom.fr\\\/wp-content\\\/uploads\\\/2023\\\/09\\\/cropped-caom-logo_Plan-de-travail-1-08.png\",\"width\":1317,\"height\":559,\"caption\":\"Caom\"},\"image\":{\"@id\":\"https:\\\/\\\/agence-caom.fr\\\/#\\\/schema\\\/logo\\\/image\\\/\"},\"sameAs\":[\"https:\\\/\\\/www.facebook.com\\\/profile.php?id=61550912141809&locale=fr_FR\",\"https:\\\/\\\/www.instagram.com\\\/agence_caom\\\/\",\"https:\\\/\\\/www.linkedin.com\\\/company\\\/caom-agence-de-communication\\\/about\\\/?viewAsMember=true\"]}]}<\/script>\n<!-- \/ Yoast SEO plugin. -->","yoast_head_json":{"title":"communication entrepreneur | Caom - Agence de communication","description":"Communication entrepreneur : Vous \u00eates entrepreneur et souhaitez booster votre activit\u00e9 ? D\u00e9couvrez notre pack communication !","robots":{"index":"index","follow":"follow","max-snippet":"max-snippet:-1","max-image-preview":"max-image-preview:large","max-video-preview":"max-video-preview:-1"},"canonical":"https:\/\/agence-caom.fr\/index.php\/communication-entrepreneur\/","og_locale":"fr_FR","og_type":"article","og_title":"communication entrepreneur | Caom - Agence de communication","og_description":"Communication entrepreneur : Vous \u00eates entrepreneur et souhaitez booster votre activit\u00e9 ? D\u00e9couvrez notre pack communication !","og_url":"https:\/\/agence-caom.fr\/index.php\/communication-entrepreneur\/","og_site_name":"Caom - Agence de communication","article_publisher":"https:\/\/www.facebook.com\/profile.php?id=61550912141809&locale=fr_FR","article_modified_time":"2025-01-31T18:08:13+00:00","og_image":[{"width":846,"height":845,"url":"https:\/\/agence-caom.fr\/wp-content\/uploads\/2023\/09\/Petit-logo-caom-vert.png","type":"image\/png"}],"twitter_card":"summary_large_image","twitter_misc":{"Dur\u00e9e de lecture estim\u00e9e":"2 minutes"},"schema":{"@context":"https:\/\/schema.org","@graph":[{"@type":"WebPage","@id":"https:\/\/agence-caom.fr\/index.php\/communication-entrepreneur\/","url":"https:\/\/agence-caom.fr\/index.php\/communication-entrepreneur\/","name":"communication entrepreneur | Caom - Agence de communication","isPartOf":{"@id":"https:\/\/agence-caom.fr\/#website"},"datePublished":"2023-10-30T12:22:23+00:00","dateModified":"2025-01-31T18:08:13+00:00","description":"Communication entrepreneur : Vous \u00eates entrepreneur et souhaitez booster votre activit\u00e9 ? D\u00e9couvrez notre pack communication !","breadcrumb":{"@id":"https:\/\/agence-caom.fr\/index.php\/communication-entrepreneur\/#breadcrumb"},"inLanguage":"fr-FR","potentialAction":[{"@type":"ReadAction","target":["https:\/\/agence-caom.fr\/index.php\/communication-entrepreneur\/"]}]},{"@type":"BreadcrumbList","@id":"https:\/\/agence-caom.fr\/index.php\/communication-entrepreneur\/#breadcrumb","itemListElement":[{"@type":"ListItem","position":1,"name":"Accueil","item":"https:\/\/agence-caom.fr\/"},{"@type":"ListItem","position":2,"name":"Pack entrepreneur"}]},{"@type":"WebSite","@id":"https:\/\/agence-caom.fr\/#website","url":"https:\/\/agence-caom.fr\/","name":"Caom","description":"Agence de communication","publisher":{"@id":"https:\/\/agence-caom.fr\/#organization"},"alternateName":"Caom - Agence de communication","potentialAction":[{"@type":"SearchAction","target":{"@type":"EntryPoint","urlTemplate":"https:\/\/agence-caom.fr\/?s={search_term_string}"},"query-input":{"@type":"PropertyValueSpecification","valueRequired":true,"valueName":"search_term_string"}}],"inLanguage":"fr-FR"},{"@type":"Organization","@id":"https:\/\/agence-caom.fr\/#organization","name":"Caom","url":"https:\/\/agence-caom.fr\/","logo":{"@type":"ImageObject","inLanguage":"fr-FR","@id":"https:\/\/agence-caom.fr\/#\/schema\/logo\/image\/","url":"https:\/\/agence-caom.fr\/wp-content\/uploads\/2023\/09\/cropped-caom-logo_Plan-de-travail-1-08.png","contentUrl":"https:\/\/agence-caom.fr\/wp-content\/uploads\/2023\/09\/cropped-caom-logo_Plan-de-travail-1-08.png","width":1317,"height":559,"caption":"Caom"},"image":{"@id":"https:\/\/agence-caom.fr\/#\/schema\/logo\/image\/"},"sameAs":["https:\/\/www.facebook.com\/profile.php?id=61550912141809&locale=fr_FR","https:\/\/www.instagram.com\/agence_caom\/","https:\/\/www.linkedin.com\/company\/caom-agence-de-communication\/about\/?viewAsMember=true"]}]}},"_links":{"self":[{"href":"https:\/\/agence-caom.fr\/index.php\/wp-json\/wp\/v2\/pages\/1224","targetHints":{"allow":["GET"]}}],"collection":[{"href":"https:\/\/agence-caom.fr\/index.php\/wp-json\/wp\/v2\/pages"}],"about":[{"href":"https:\/\/agence-caom.fr\/index.php\/wp-json\/wp\/v2\/types\/page"}],"author":[{"embeddable":true,"href":"https:\/\/agence-caom.fr\/index.php\/wp-json\/wp\/v2\/users\/1"}],"replies":[{"embeddable":true,"href":"https:\/\/agence-caom.fr\/index.php\/wp-json\/wp\/v2\/comments?post=1224"}],"version-history":[{"count":86,"href":"https:\/\/agence-caom.fr\/index.php\/wp-json\/wp\/v2\/pages\/1224\/revisions"}],"predecessor-version":[{"id":3743,"href":"https:\/\/agence-caom.fr\/index.php\/wp-json\/wp\/v2\/pages\/1224\/revisions\/3743"}],"wp:attachment":[{"href":"https:\/\/agence-caom.fr\/index.php\/wp-json\/wp\/v2\/media?parent=1224"}],"curies":[{"name":"wp","href":"https:\/\/api.w.org\/{rel}","templated":true}]}}